{"id":15982,"date":"2023-06-19T09:20:08","date_gmt":"2023-06-19T09:20:08","guid":{"rendered":"https:\/\/rheaist.com\/?post_type=product&#038;p=15982"},"modified":"2025-11-20T19:34:18","modified_gmt":"2025-11-20T19:34:18","slug":"salus","status":"publish","type":"product","link":"https:\/\/rheaist.com\/en\/product\/salus\/","title":{"rendered":"Salus"},"content":{"rendered":"<p>EN: 24 cm<br \/>\nHEIGHT: 17cm<br \/>\nGEN\u0130\u015eL\u0130K: 7cm<br \/>\nZ\u0130NC\u0130R SAP: 65 cm<br \/>\nUZUN SAP: 124 cm<\/p>","protected":false},"excerpt":{"rendered":"<div class=\"woocommerce-product-details__short-description\">\n<p>Crocodile print on real calfskin.<\/p>\n<\/div>","protected":false},"featured_media":15983,"comment_status":"open","ping_status":"closed","template":"","meta":[],"product_cat":[91],"product_tag":[],"class_list":{"0":"post-15982","1":"product","2":"type-product","3":"status-publish","4":"has-post-thumbnail","6":"product_cat-salus","8":"first","9":"instock","10":"taxable","11":"shipping-taxable","12":"purchasable","13":"product-type-variable"},"jetpack_sharing_enabled":true,"_links":{"self":[{"href":"https:\/\/rheaist.com\/en\/wp-json\/wp\/v2\/product\/15982","targetHints":{"allow":["GET"]}}],"collection":[{"href":"https:\/\/rheaist.com\/en\/wp-json\/wp\/v2\/product"}],"about":[{"href":"https:\/\/rheaist.com\/en\/wp-json\/wp\/v2\/types\/product"}],"replies":[{"embeddable":true,"href":"https:\/\/rheaist.com\/en\/wp-json\/wp\/v2\/comments?post=15982"}],"version-history":[{"count":2,"href":"https:\/\/rheaist.com\/en\/wp-json\/wp\/v2\/product\/15982\/revisions"}],"predecessor-version":[{"id":16500,"href":"https:\/\/rheaist.com\/en\/wp-json\/wp\/v2\/product\/15982\/revisions\/16500"}],"wp:featuredmedia":[{"embeddable":true,"href":"https:\/\/rheaist.com\/en\/wp-json\/wp\/v2\/media\/15983"}],"wp:attachment":[{"href":"https:\/\/rheaist.com\/en\/wp-json\/wp\/v2\/media?parent=15982"}],"wp:term":[{"taxonomy":"product_cat","embeddable":true,"href":"https:\/\/rheaist.com\/en\/wp-json\/wp\/v2\/product_cat?post=15982"},{"taxonomy":"product_tag","embeddable":true,"href":"https:\/\/rheaist.com\/en\/wp-json\/wp\/v2\/product_tag?post=15982"}],"curies":[{"name":"wp","href":"https:\/\/api.w.org\/{rel}","templated":true}]}}