{"id":3,"date":"2023-05-23T10:25:10","date_gmt":"2023-05-23T10:25:10","guid":{"rendered":"https:\/\/rheaist.com\/?page_id=3"},"modified":"2023-07-29T10:40:59","modified_gmt":"2023-07-29T10:40:59","slug":"gizlilik-politikasi","status":"publish","type":"page","link":"https:\/\/rheaist.com\/en\/gizlilik-politikasi\/","title":{"rendered":"Privacy Policy"},"content":{"rendered":"<p>Firmam\u0131z, \u00e7e\u015fitli ama\u00e7larla ki\u015fisel veriler toplayabilir. A\u015fa\u011f\u0131da, toplanan ki\u015fisel verilerin nas\u0131l ve ne \u015fekilde topland\u0131\u011f\u0131, bu verilerin nas\u0131l ve ne \u015fekilde korundu\u011fu belirtilmi\u015ftir.<\/p><p>\u00dcyelik veya Ma\u011fazam\u0131z \u00fczerindeki \u00e7e\u015fitli form ve anketlerin doldurulmas\u0131 suretiyle \u00fcyelerin kendileriyle ilgili bir tak\u0131m ki\u015fisel bilgileri (isim-soy isim, firma bilgileri, telefon, adres veya e-posta adresleri gibi) Ma\u011fazam\u0131z taraf\u0131ndan i\u015fin do\u011fas\u0131 gere\u011fi toplanmaktad\u0131r.<\/p><p>Firmam\u0131z baz\u0131 d\u00f6nemlerde m\u00fc\u015fterilerine ve \u00fcyelerine kampanya bilgileri, yeni \u00fcr\u00fcnler hakk\u0131nda bilgiler, promosyon teklifleri g\u00f6nderebilir. \u00dcyelerimiz bu gibi bilgileri al\u0131p almama konusunda her t\u00fcrl\u00fc se\u00e7imi \u00fcye olurken yapabilir, sonras\u0131nda \u00fcye giri\u015fi yapt\u0131ktan sonra hesap bilgileri b\u00f6l\u00fcm\u00fcnden bu se\u00e7imi de\u011fi\u015ftirilebilir ya da kendisine gelen bilgilendirme iletisindeki linkle bildirim yapabilir.<\/p><p>Ma\u011fazam\u0131z \u00fczerinden veya eposta ile ger\u00e7ekle\u015ftirilen onay s\u00fcrecinde, \u00fcyelerimiz taraf\u0131ndan ma\u011fazam\u0131za elektronik ortamdan iletilen ki\u015fisel bilgiler, \u00dcyelerimiz ile yapt\u0131\u011f\u0131m\u0131z \u201cKullan\u0131c\u0131 S\u00f6zle\u015fmesi\u201d ile belirlenen ama\u00e7lar ve kapsam d\u0131\u015f\u0131nda \u00fc\u00e7\u00fcnc\u00fc ki\u015filere a\u00e7\u0131klanmayacakt\u0131r.<\/p><p>Sistemle ilgili sorunlar\u0131n tan\u0131mlanmas\u0131 ve verilen hizmet ile ilgili \u00e7\u0131kabilecek sorunlar\u0131n veya uyu\u015fmazl\u0131klar\u0131n h\u0131zla \u00e7\u00f6z\u00fclmesi i\u00e7in, Firmam\u0131z, \u00fcyelerinin IP adresini kaydetmekte ve bunu kullanmaktad\u0131r. IP adresleri, kullan\u0131c\u0131lar\u0131 genel bir \u015fekilde tan\u0131mlamak ve kapsaml\u0131 demografik bilgi toplamak amac\u0131yla da kullan\u0131labilir.<\/p><p>Firmam\u0131z, \u00dcyelik S\u00f6zle\u015fmesi ile belirlenen ama\u00e7lar ve kapsam d\u0131\u015f\u0131nda da, talep edilen bilgileri kendisi veya i\u015fbirli\u011fi i\u00e7inde oldu\u011fu ki\u015filer taraf\u0131ndan do\u011frudan pazarlama yapmak amac\u0131yla kullanabilir. &nbsp;Ki\u015fisel bilgiler, gerekti\u011finde kullan\u0131c\u0131yla temas kurmak i\u00e7in de kullan\u0131labilir. Firmam\u0131z taraf\u0131ndan talep edilen bilgiler veya kullan\u0131c\u0131 taraf\u0131ndan sa\u011flanan bilgiler veya Ma\u011fazam\u0131z \u00fczerinden yap\u0131lan i\u015flemlerle ilgili bilgiler; Firmam\u0131z ve i\u015fbirli\u011fi i\u00e7inde oldu\u011fu ki\u015filer taraf\u0131ndan, \u201c\u00dcyelik S\u00f6zle\u015fmesi\u201d ile belirlenen ama\u00e7lar ve kapsam d\u0131\u015f\u0131nda da, \u00fcyelerimizin kimli\u011fi if\u015fa edilmeden \u00e7e\u015fitli istatistiksel de\u011ferlendirmeler, veri taban\u0131 olu\u015fturma ve pazar ara\u015ft\u0131rmalar\u0131nda kullan\u0131labilir.<\/p>","protected":false},"excerpt":{"rendered":"<p>Firmam\u0131z, \u00e7e\u015fitli ama\u00e7larla ki\u015fisel veriler toplayabilir. A\u015fa\u011f\u0131da, toplanan ki\u015fisel verilerin nas\u0131l ve ne \u015fekilde topland\u0131\u011f\u0131, bu verilerin nas\u0131l ve ne<\/p>","protected":false},"author":1,"featured_media":0,"parent":0,"menu_order":0,"comment_status":"closed","ping_status":"closed","template":"","meta":{"footnotes":""},"class_list":["post-3","page","type-page","status-publish","hentry"],"jetpack_sharing_enabled":true,"_links":{"self":[{"href":"https:\/\/rheaist.com\/en\/wp-json\/wp\/v2\/pages\/3","targetHints":{"allow":["GET"]}}],"collection":[{"href":"https:\/\/rheaist.com\/en\/wp-json\/wp\/v2\/pages"}],"about":[{"href":"https:\/\/rheaist.com\/en\/wp-json\/wp\/v2\/types\/page"}],"author":[{"embeddable":true,"href":"https:\/\/rheaist.com\/en\/wp-json\/wp\/v2\/users\/1"}],"replies":[{"embeddable":true,"href":"https:\/\/rheaist.com\/en\/wp-json\/wp\/v2\/comments?post=3"}],"version-history":[{"count":1,"href":"https:\/\/rheaist.com\/en\/wp-json\/wp\/v2\/pages\/3\/revisions"}],"predecessor-version":[{"id":15821,"href":"https:\/\/rheaist.com\/en\/wp-json\/wp\/v2\/pages\/3\/revisions\/15821"}],"wp:attachment":[{"href":"https:\/\/rheaist.com\/en\/wp-json\/wp\/v2\/media?parent=3"}],"curies":[{"name":"wp","href":"https:\/\/api.w.org\/{rel}","templated":true}]}}