{"id":15826,"date":"2023-05-25T14:11:02","date_gmt":"2023-05-25T14:11:02","guid":{"rendered":"https:\/\/rheaist.com\/?page_id=15826"},"modified":"2024-02-15T08:00:36","modified_gmt":"2024-02-15T08:00:36","slug":"hakkimizda","status":"publish","type":"page","link":"https:\/\/rheaist.com\/en\/about-us\/","title":{"rendered":"about us"},"content":{"rendered":"<div data-elementor-type=\"wp-page\" data-elementor-id=\"15826\" class=\"elementor elementor-15826\">\n\t\t\t\t\t\t\t\t\t<section class=\"wd-negative-gap elementor-section elementor-top-section elementor-element elementor-element-54fb0881 wd-section-stretch elementor-section-content-middle elementor-section-boxed elementor-section-height-default elementor-section-height-default\" data-id=\"54fb0881\" data-element_type=\"section\" data-settings=\"{&quot;background_background&quot;:&quot;classic&quot;}\">\n\t\t\t\t\t\t\t<div class=\"elementor-background-overlay\"><\/div>\n\t\t\t\t\t\t\t<div class=\"elementor-container elementor-column-gap-no\">\n\t\t\t\t\t<div class=\"elementor-column elementor-col-50 elementor-top-column elementor-element elementor-element-188a05fc\" data-id=\"188a05fc\" data-element_type=\"column\" data-settings=\"{&quot;background_background&quot;:&quot;classic&quot;}\">\n\t\t\t<div class=\"elementor-widget-wrap elementor-element-populated\">\n\t\t\t\t\t\t\t\t<section class=\"wd-negative-gap elementor-section elementor-inner-section elementor-element elementor-element-37d7167e elementor-section-boxed elementor-section-height-default elementor-section-height-default wd-section-disabled\" data-id=\"37d7167e\" data-element_type=\"section\" data-settings=\"{&quot;background_background&quot;:&quot;classic&quot;}\">\n\t\t\t\t\t\t<div class=\"elementor-container elementor-column-gap-default\">\n\t\t\t\t\t<div class=\"elementor-column elementor-col-100 elementor-inner-column elementor-element elementor-element-563abdef\" data-id=\"563abdef\" data-element_type=\"column\">\n\t\t\t<div class=\"elementor-widget-wrap elementor-element-populated\">\n\t\t\t\t\t\t\t\t<div class=\"elementor-element elementor-element-b7ce793 elementor-widget elementor-widget-wd_title\" data-id=\"b7ce793\" data-element_type=\"widget\" data-widget_type=\"wd_title.default\">\n\t\t\t\t<div class=\"elementor-widget-container\">\n\t\t\t\t\t<div class=\"title-wrapper set-mb-s reset-last-child wd-title-color-default wd-title-style-default wd-title-size-default text-left\">\n\n\t\t\t\n\t\t\t<div class=\"liner-continer\">\n\t\t\t\t<h4 class=\"woodmart-title-container title wd-fontsize-l\">Leave Your Bag to Us, We&#039;ll Complete Your Elegance!<\/h4> \n\t\t\t\t\t\t\t<\/div>\n\n\t\t\t\t\t\t\t<div class=\"title-after_title set-cont-mb-s reset-last-child wd-fontsize-xs\">\n\t\t\t\t\t<p>Rhea Istanbul brand was established in 2022 by Nazl\u0131 G\u00fcl AYRAL. She graduated from At\u0131l\u0131m University, Faculty of Fine Arts, Fashion and Textile Design in 2011. During his university years, he made leather products design a passion, and in the following years, he completed his training on shoe bag design and production techniques.<\/p><p>He transferred the knowledge and experience he gained to his collections by establishing his own brand RHEA in 2022.<\/p><p>While presenting its bag collection to you first, it will add its shoe collection in the future.<\/p>\t\t\t\t<\/div>\n\t\t\t\t\t<\/div>\n\t\t\t\t<\/div>\n\t\t\t\t<\/div>\n\t\t\t\t<div class=\"elementor-element elementor-element-20663ff6 elementor-widget elementor-widget-wd_text_block\" data-id=\"20663ff6\" data-element_type=\"widget\" data-widget_type=\"wd_text_block.default\">\n\t\t\t\t<div class=\"elementor-widget-container\">\n\t\t\t\t\t<div class=\"wd-text-block reset-last-child text-left\">\n\t\t\t\n\t\t\t<p>Rhea Istanbul is produced in the hands of master craftsmen of Istanbul with genuine leather and top quality accessories. With its timeless designs and workmanship, it aims to be a brand that will differentiate the carrier with its quality.<\/p>\n\t\t\t\t\t<\/div>\n\t\t\t\t<\/div>\n\t\t\t\t<\/div>\n\t\t\t\t<div class=\"elementor-element elementor-element-1aadbf6f elementor-widget__width-auto elementor-widget elementor-widget-wd_infobox\" data-id=\"1aadbf6f\" data-element_type=\"widget\" data-widget_type=\"wd_infobox.default\">\n\t\t\t\t<div class=\"elementor-widget-container\">\n\t\t\t\t\t<div class=\"info-box-wrapper\">\n\t\t\t<div class=\"wd-info-box text-right box-icon-align-right box-style-base color-scheme- wd-items-middle\" >\n\t\t\t\t\n\t\t\t\t<div class=\"info-box-content\">\n\t\t\t\t\t\n\t\t\t\t\t\t\t\t\t\t\t<h4\t\t\t\t\t\tclass=\"info-box-title title box-title-style-default wd-fontsize-s\" data-elementor-setting-key=\"title\">\n\t\t\t\t\t\t\t\tNazli Gul AYRAL\t\t\t\t\t\t<\/h4>\n\t\t\t\t\t\n\t\t\t\t\t<div class=\"info-box-inner set-cont-mb-s reset-last-child\"\n\t\t\t\t\t\t data-elementor-setting-key=\"content\">\n\t\t\t\t\t\t\t\t\t\t\t<\/div>\n\t\n\t\t\t\t\t\t\t\t\t<\/div>\n\t\t\t<\/div>\n\t\t<\/div>\n\t\t\t\t<\/div>\n\t\t\t\t<\/div>\n\t\t\t\t\t<\/div>\n\t\t<\/div>\n\t\t\t\t\t\t\t<\/div>\n\t\t<\/section>\n\t\t\t\t\t<\/div>\n\t\t<\/div>\n\t\t\t\t<div class=\"elementor-column elementor-col-50 elementor-top-column elementor-element elementor-element-4582953f\" data-id=\"4582953f\" data-element_type=\"column\">\n\t\t\t<div class=\"elementor-widget-wrap elementor-element-populated\">\n\t\t\t\t\t\t\t\t<div class=\"elementor-element elementor-element-242f3c21 elementor-widget elementor-widget-wd_image_or_svg\" data-id=\"242f3c21\" data-element_type=\"widget\" data-widget_type=\"wd_image_or_svg.default\">\n\t\t\t\t<div class=\"elementor-widget-container\">\n\t\t\t\n\t\t<div class=\"wd-image text-center\">\n\t\t\t\t\t\t\t\t<img decoding=\"async\" width=\"1500\" height=\"1013\" src=\"https:\/\/rheaist.com\/wp-content\/uploads\/2023\/05\/rhea-404.jpg\" class=\"attachment-full size-full wp-image-15877\" alt=\"\" srcset=\"https:\/\/rheaist.com\/wp-content\/uploads\/2023\/05\/rhea-404.jpg 1500w, https:\/\/rheaist.com\/wp-content\/uploads\/2023\/05\/rhea-404-430x290.jpg 430w, https:\/\/rheaist.com\/wp-content\/uploads\/2023\/05\/rhea-404-150x101.jpg 150w, https:\/\/rheaist.com\/wp-content\/uploads\/2023\/05\/rhea-404-700x473.jpg 700w, https:\/\/rheaist.com\/wp-content\/uploads\/2023\/05\/rhea-404-400x270.jpg 400w, https:\/\/rheaist.com\/wp-content\/uploads\/2023\/05\/rhea-404-1185x800.jpg 1185w, https:\/\/rheaist.com\/wp-content\/uploads\/2023\/05\/rhea-404-768x519.jpg 768w, https:\/\/rheaist.com\/wp-content\/uploads\/2023\/05\/rhea-404-860x581.jpg 860w\" sizes=\"(max-width: 1500px) 100vw, 1500px\" \/>\t\t\t\t\t<\/div>\n\n\t\t\t\t<\/div>\n\t\t\t\t<\/div>\n\t\t\t\t\t<\/div>\n\t\t<\/div>\n\t\t\t\t\t\t\t<\/div>\n\t\t<\/section>\n\t\t\t\t\t\t\t<\/div>","protected":false},"excerpt":{"rendered":"<p>\u00c7antan\u0131z\u0131 Bize B\u0131rak\u0131n, \u015e\u0131kl\u0131\u011f\u0131n\u0131z\u0131 Biz Tamamlayal\u0131m! Rhea \u0130stanbul markas\u0131 2022 y\u0131l\u0131nda Nazl\u0131 G\u00fcl AYRAL taraf\u0131ndan kurulmu\u015ftur. 2011 y\u0131l\u0131nda At\u0131l\u0131m \u00dcniversitesi<\/p>","protected":false},"author":1,"featured_media":0,"parent":0,"menu_order":0,"comment_status":"closed","ping_status":"closed","template":"","meta":{"footnotes":""},"class_list":["post-15826","page","type-page","status-publish","hentry"],"jetpack_sharing_enabled":true,"_links":{"self":[{"href":"https:\/\/rheaist.com\/en\/wp-json\/wp\/v2\/pages\/15826","targetHints":{"allow":["GET"]}}],"collection":[{"href":"https:\/\/rheaist.com\/en\/wp-json\/wp\/v2\/pages"}],"about":[{"href":"https:\/\/rheaist.com\/en\/wp-json\/wp\/v2\/types\/page"}],"author":[{"embeddable":true,"href":"https:\/\/rheaist.com\/en\/wp-json\/wp\/v2\/users\/1"}],"replies":[{"embeddable":true,"href":"https:\/\/rheaist.com\/en\/wp-json\/wp\/v2\/comments?post=15826"}],"version-history":[{"count":19,"href":"https:\/\/rheaist.com\/en\/wp-json\/wp\/v2\/pages\/15826\/revisions"}],"predecessor-version":[{"id":16301,"href":"https:\/\/rheaist.com\/en\/wp-json\/wp\/v2\/pages\/15826\/revisions\/16301"}],"wp:attachment":[{"href":"https:\/\/rheaist.com\/en\/wp-json\/wp\/v2\/media?parent=15826"}],"curies":[{"name":"wp","href":"https:\/\/api.w.org\/{rel}","templated":true}]}}