{"id":15824,"date":"2023-05-25T14:09:53","date_gmt":"2023-05-25T14:09:53","guid":{"rendered":"https:\/\/rheaist.com\/?page_id=15824"},"modified":"2023-05-29T09:37:47","modified_gmt":"2023-05-29T09:37:47","slug":"iletisim","status":"publish","type":"page","link":"https:\/\/rheaist.com\/en\/contact-us-2\/","title":{"rendered":"Contact us"},"content":{"rendered":"<div data-elementor-type=\"wp-page\" data-elementor-id=\"15824\" class=\"elementor elementor-15824\">\n\t\t\t\t\t\t\t\t\t<section class=\"wd-negative-gap elementor-section elementor-top-section elementor-element elementor-element-5cd902f8 elementor-section-boxed elementor-section-height-default elementor-section-height-default wd-section-disabled\" data-id=\"5cd902f8\" data-element_type=\"section\">\n\t\t\t\t\t\t<div class=\"elementor-container elementor-column-gap-default\">\n\t\t\t\t\t<div class=\"elementor-column elementor-col-50 elementor-top-column elementor-element elementor-element-2fa28b62\" data-id=\"2fa28b62\" data-element_type=\"column\">\n\t\t\t<div class=\"elementor-widget-wrap elementor-element-populated\">\n\t\t\t\t\t\t\t\t<div class=\"elementor-element elementor-element-2d961206 elementor-widget elementor-widget-wd_title\" data-id=\"2d961206\" data-element_type=\"widget\" data-widget_type=\"wd_title.default\">\n\t\t\t\t<div class=\"elementor-widget-container\">\n\t\t\t\t\t<div class=\"title-wrapper set-mb-s reset-last-child wd-title-color-default wd-title-style-bordered wd-title-size-default text-left\">\n\n\t\t\t\n\t\t\t<div class=\"liner-continer\">\n\t\t\t\t<h4 class=\"woodmart-title-container title wd-fontsize-l\">CONTACT FORM<\/h4> \n\t\t\t\t\t\t\t<\/div>\n\n\t\t\t\t\t<\/div>\n\t\t\t\t<\/div>\n\t\t\t\t<\/div>\n\t\t\t\t<div class=\"elementor-element elementor-element-5e4c0b25 elementor-widget elementor-widget-wd_contact_form_7\" data-id=\"5e4c0b25\" data-element_type=\"widget\" data-widget_type=\"wd_contact_form_7.default\">\n\t\t\t\t<div class=\"elementor-widget-container\">\n\t\t\t\n<div class=\"wpcf7 no-js\" id=\"wpcf7-f1572-o1\" lang=\"en-US\" dir=\"ltr\">\n<div class=\"screen-reader-response\"><p role=\"status\" aria-live=\"polite\" aria-atomic=\"true\"><\/p> <ul><\/ul><\/div>\n<form action=\"\/en\/wp-json\/wp\/v2\/pages\/15824#wpcf7-f1572-o1\" method=\"post\" class=\"wpcf7-form init\" aria-label=\"Contact form\" novalidate=\"novalidate\" data-status=\"init\" data-no-translation-aria-label=\"\" data-trp-original-action=\"\/en\/wp-json\/wp\/v2\/pages\/15824#wpcf7-f1572-o1\">\n<div style=\"display: none;\">\n<input type=\"hidden\" name=\"_wpcf7\" value=\"1572\" \/>\n<input type=\"hidden\" name=\"_wpcf7_version\" value=\"5.7.6\" \/>\n<input type=\"hidden\" name=\"_wpcf7_locale\" value=\"en_US\" \/>\n<input type=\"hidden\" name=\"_wpcf7_unit_tag\" value=\"wpcf7-f1572-o1\" \/>\n<input type=\"hidden\" name=\"_wpcf7_container_post\" value=\"0\" \/>\n<input type=\"hidden\" name=\"_wpcf7_posted_data_hash\" value=\"\" \/>\n<input type=\"hidden\" name=\"_wpcf7_recaptcha_response\" value=\"\" \/>\n<\/div>\n<div class=\"row\">\n\t<p class=\"col-md-6\"><label>Your name<\/label><span class=\"wpcf7-form-control-wrap\" data-name=\"your-name\"><input size=\"40\" class=\"wpcf7-form-control wpcf7-text wpcf7-validates-as-required\" aria-required=\"true\" aria-invalid=\"false\" value=\"\" type=\"text\" name=\"your-name\" \/><\/span>\n\t<\/p>\n\t<p class=\"col-md-6\"><label>Email<\/label><span class=\"wpcf7-form-control-wrap\" data-name=\"your-email\"><input size=\"40\" class=\"wpcf7-form-control wpcf7-text wpcf7-email wpcf7-validates-as-required wpcf7-validates-as-email\" aria-required=\"true\" aria-invalid=\"false\" value=\"\" type=\"email\" name=\"your-email\" \/><\/span>\n\t<\/p>\n<\/div>\n<div class=\"row\">\n\t<p class=\"col-md-6\"><label>Telephone<\/label><span class=\"wpcf7-form-control-wrap\" data-name=\"tel-767\"><input size=\"40\" class=\"wpcf7-form-control wpcf7-text wpcf7-tel wpcf7-validates-as-tel\" aria-invalid=\"false\" value=\"\" type=\"tel\" name=\"tel-767\" \/><\/span>\n\t<\/p>\n\t<p class=\"col-md-6\"><label>Subject<\/label><span class=\"wpcf7-form-control-wrap\" data-name=\"text-1\"><input size=\"40\" class=\"wpcf7-form-control wpcf7-text\" aria-invalid=\"false\" value=\"\" type=\"text\" name=\"text-1\" \/><\/span>\n\t<\/p>\n<\/div>\n<p><label>your message<\/label><span class=\"wpcf7-form-control-wrap\" data-name=\"your-message\"><textarea cols=\"40\" rows=\"10\" class=\"wpcf7-form-control wpcf7-textarea\" aria-invalid=\"false\" name=\"your-message\"><\/textarea><\/span>\n<\/p>\n<p><span class=\"wpcf7-form-control-wrap\" data-name=\"acceptance-986\"><span class=\"wpcf7-form-control wpcf7-acceptance\"><span class=\"wpcf7-list-item\"><label><input type=\"checkbox\" name=\"acceptance-986\" value=\"1\" aria-invalid=\"false\" \/><span class=\"wpcf7-list-item-label\"><a href=\"https:\/\/rheaist.com\/en\/gizlilik-politikasi\/\" target=\"_blank\"> Privacy Policy<\/a>I have read and I approve.<\/span><\/label><\/span><\/span><\/span>\n<\/p>\n<p><input class=\"wpcf7-form-control has-spinner wpcf7-submit btn-color-black\" type=\"submit\" value=\"SEND\" \/>\n<\/p><div class=\"wpcf7-response-output\" aria-hidden=\"true\"><\/div>\n<input type=\"hidden\" name=\"trp-form-language\" value=\"en\"\/><\/form>\n<\/div>\n\t\t<\/div>\n\t\t\t\t<\/div>\n\t\t\t\t\t<\/div>\n\t\t<\/div>\n\t\t\t\t<div class=\"elementor-column elementor-col-50 elementor-top-column elementor-element elementor-element-7806991f\" data-id=\"7806991f\" data-element_type=\"column\">\n\t\t\t<div class=\"elementor-widget-wrap elementor-element-populated\">\n\t\t\t\t\t\t\t\t<div class=\"elementor-element elementor-element-4654a48b elementor-widget elementor-widget-wd_title\" data-id=\"4654a48b\" data-element_type=\"widget\" data-widget_type=\"wd_title.default\">\n\t\t\t\t<div class=\"elementor-widget-container\">\n\t\t\t\t\t<div class=\"title-wrapper set-mb-s reset-last-child wd-title-color-default wd-title-style-bordered wd-title-size-default text-left\">\n\n\t\t\t\n\t\t\t<div class=\"liner-continer\">\n\t\t\t\t<h4 class=\"woodmart-title-container title wd-fontsize-l\">CONTACT US<\/h4> \n\t\t\t\t\t\t\t<\/div>\n\n\t\t\t\t\t<\/div>\n\t\t\t\t<\/div>\n\t\t\t\t<\/div>\n\t\t\t\t<section class=\"wd-negative-gap elementor-section elementor-inner-section elementor-element elementor-element-60e76d03 elementor-section-boxed elementor-section-height-default elementor-section-height-default wd-section-disabled\" data-id=\"60e76d03\" data-element_type=\"section\">\n\t\t\t\t\t\t<div class=\"elementor-container elementor-column-gap-extended\">\n\t\t\t\t\t<div class=\"elementor-column elementor-col-100 elementor-inner-column elementor-element elementor-element-48a265f8\" data-id=\"48a265f8\" data-element_type=\"column\">\n\t\t\t<div class=\"elementor-widget-wrap elementor-element-populated\">\n\t\t\t\t\t\t\t\t<div class=\"elementor-element elementor-element-3abd9943 elementor-widget elementor-widget-wd_infobox\" data-id=\"3abd9943\" data-element_type=\"widget\" data-widget_type=\"wd_infobox.default\">\n\t\t\t\t<div class=\"elementor-widget-container\">\n\t\t\t\t\t<div class=\"info-box-wrapper\">\n\t\t\t<div class=\"wd-info-box text-left box-icon-align-left box-style-shadow color-scheme- wd-items-middle\" >\n\t\t\t\t\t\t\t\t\t<div class=\"box-icon-wrapper  box-with-icon box-icon-simple\">\n\t\t\t\t\t\t<div class=\"info-box-icon\">\n\t\t\t\t\t\t\t\t\t\t\t\t\t\t\t<span class=\"info-svg-wrapper info-icon\" style=\"width:40px; height:40px;\"><svg xmlns=\"http:\/\/www.w3.org\/2000\/svg\" xmlns:xlink=\"http:\/\/www.w3.org\/1999\/xlink\" id=\"svg-9819\" x=\"0px\" y=\"0px\" width=\"512px\" height=\"512px\" viewbox=\"0 0 792 792\" style=\"enable-background:new 0 0 792 792;\" xml:space=\"preserve\"> <g> <g id=\"_x39__14_\"> <g> <path d=\"M581.625,0h-371.25c-54.673,0-99,44.327-99,99v594c0,54.673,44.327,99,99,99h371.25c54.673,0,99-44.327,99-99V99 C680.625,44.327,636.298,0,581.625,0z M631.125,693c0,27.349-22.151,49.5-49.5,49.5h-371.25c-27.349,0-49.5-22.151-49.5-49.5 v-74.25h470.25V693z M631.125,569.25h-470.25v-396h470.25V569.25z M631.125,123.75h-470.25V99c0-27.349,22.151-49.5,49.5-49.5 h371.25c27.349,0,49.5,22.176,49.5,49.5V123.75z M396,717.75c20.493,0,37.125-16.632,37.125-37.125S416.493,643.5,396,643.5 s-37.125,16.632-37.125,37.125S375.507,717.75,396,717.75z\" fill=\"#d1d1d1\"><\/path> <\/g> <\/g> <\/g> <g> <\/g> <g> <\/g> <g> <\/g> <g> <\/g> <g> <\/g> <g> <\/g> <g> <\/g> <g> <\/g> <g> <\/g> <g> <\/g> <g> <\/g> <g> <\/g> <g> <\/g> <g> <\/g> <g> <\/g> <\/svg><\/span>\t\t\t\t\t\t\t\t\t\t\t\t\t<\/div>\n\t\t\t\t\t<\/div>\n\t\t\t\t\n\t\t\t\t<div class=\"info-box-content\">\n\t\t\t\t\t\n\t\t\t\t\t\n\t\t\t\t\t<div class=\"info-box-inner set-cont-mb-s reset-last-child\"\n\t\t\t\t\t\t data-elementor-setting-key=\"content\">\n\t\t\t\t\t\t<h5><a href=\"tel:+905303201585\">+90 530 320 15 85<\/a><\/h5>\n\t\t\t\t\t<\/div>\n\t\n\t\t\t\t\t\t\t\t\t<\/div>\n\t\t\t<\/div>\n\t\t<\/div>\n\t\t\t\t<\/div>\n\t\t\t\t<\/div>\n\t\t\t\t<div class=\"elementor-element elementor-element-67cad43d elementor-widget elementor-widget-wd_infobox\" data-id=\"67cad43d\" data-element_type=\"widget\" data-widget_type=\"wd_infobox.default\">\n\t\t\t\t<div class=\"elementor-widget-container\">\n\t\t\t\t\t<div class=\"info-box-wrapper\">\n\t\t\t<div class=\"wd-info-box text-left box-icon-align-left box-style-shadow color-scheme- wd-items-middle\" >\n\t\t\t\t\t\t\t\t\t<div class=\"box-icon-wrapper  box-with-icon box-icon-simple\">\n\t\t\t\t\t\t<div class=\"info-box-icon\">\n\t\t\t\t\t\t\t\t\t\t\t\t\t\t\t<span class=\"info-svg-wrapper info-icon\" style=\"width:40px; height:40px;\"><svg xmlns=\"http:\/\/www.w3.org\/2000\/svg\" xmlns:xlink=\"http:\/\/www.w3.org\/1999\/xlink\" id=\"svg-4871\" x=\"0px\" y=\"0px\" width=\"512px\" height=\"512px\" viewbox=\"0 0 631.742 631.742\" style=\"enable-background:new 0 0 631.742 631.742;\" xml:space=\"preserve\"> <g> <g id=\"_x34__18_\"> <g> <path d=\"M256.646,256.646c16.346,0,29.613-13.247,29.613-29.613c0-16.346-13.267-29.613-29.613-29.613 c-16.347,0-29.613,13.267-29.613,29.613C227.032,243.398,240.299,256.646,256.646,256.646z M375.097,256.646 c16.347,0,29.613-13.247,29.613-29.613c0-16.346-13.267-29.613-29.613-29.613c-16.346,0-29.612,13.267-29.612,29.613 C345.484,243.398,358.751,256.646,375.097,256.646z M200.104,448.872c15.359,2.488,50.243,5.192,66.412,5.192 c141.748,0,236.904-105.481,236.904-229.5S384.514,0,266.516,0C124.572,0,9.871,100.546,9.871,224.564 c0,71.841,27.382,132.844,78.968,176.77V513.29L200.104,448.872z M49.355,227.032c0-103.586,93.833-187.548,217.161-187.548 c98.177,0,197.419,83.962,197.419,187.548s-77.487,187.549-197.419,187.549c-17.629,0-54.409-2.014-70.814-5.43l-67.379,44.913 V384.1C80.172,345.03,49.355,292.832,49.355,227.032z M541.896,180.402c0.375,5.666,1.007,11.273,1.007,17.018 c0,12.556-1.204,24.855-2.981,36.997c26.573,31.113,42.465,69.432,42.465,111.068c0,65.8-39.325,123.604-98.709,157.066v69.966 l-67.38-44.913c-16.405,3.415-33.442,5.429-51.072,5.429c-51.131,0-78.296-15.359-115.411-40.905 c-10.759,0.869-21.637,1.422-32.653,1.422c-7.857,0-15.557-0.573-23.296-1.007c46.986,45.959,95.334,75.039,171.36,75.039 c16.169,0,31.942-1.461,47.282-3.969l110.653,68.13V519.766c59.996-41.103,98.71-104.908,98.71-176.77 C621.871,278.954,591.073,221.327,541.896,180.402z M138.194,256.646c16.346,0,29.613-13.247,29.613-29.613 c0-16.346-13.267-29.613-29.613-29.613c-16.347,0-29.613,13.267-29.613,29.613C108.581,243.398,121.847,256.646,138.194,256.646z \" fill=\"#d1d1d1\"><\/path> <\/g> <\/g> <\/g> <g> <\/g> <g> <\/g> <g> <\/g> <g> <\/g> <g> <\/g> <g> <\/g> <g> <\/g> <g> <\/g> <g> <\/g> <g> <\/g> <g> <\/g> <g> <\/g> <g> <\/g> <g> <\/g> <g> <\/g> <\/svg><\/span>\t\t\t\t\t\t\t\t\t\t\t\t\t<\/div>\n\t\t\t\t\t<\/div>\n\t\t\t\t\n\t\t\t\t<div class=\"info-box-content\">\n\t\t\t\t\t\n\t\t\t\t\t\n\t\t\t\t\t<div class=\"info-box-inner set-cont-mb-s reset-last-child\"\n\t\t\t\t\t\t data-elementor-setting-key=\"content\">\n\t\t\t\t\t\t<h5><a href=\"mailto:info@rheaist.com\">info@rheaist.com<\/a><\/h5>\n\t\t\t\t\t<\/div>\n\t\n\t\t\t\t\t\t\t\t\t<\/div>\n\t\t\t<\/div>\n\t\t<\/div>\n\t\t\t\t<\/div>\n\t\t\t\t<\/div>\n\t\t\t\t\t<\/div>\n\t\t<\/div>\n\t\t\t\t\t\t\t<\/div>\n\t\t<\/section>\n\t\t\t\t\t<\/div>\n\t\t<\/div>\n\t\t\t\t\t\t\t<\/div>\n\t\t<\/section>\n\t\t\t\t\t\t\t<\/div>","protected":false},"excerpt":{"rendered":"<p>\u0130LET\u0130\u015e\u0130M FORMU Ad\u0131n\u0131z E-posta Telefon Konu Mesaj\u0131n\u0131z Gizlilik Politikas\u0131&#8216;n\u0131 okudum, onayl\u0131yorum. B\u0130ZE ULA\u015eIN +90 530 320 15 85 info@rheaist.com<\/p>","protected":false},"author":1,"featured_media":0,"parent":0,"menu_order":0,"comment_status":"closed","ping_status":"closed","template":"","meta":{"footnotes":""},"class_list":["post-15824","page","type-page","status-publish","hentry"],"jetpack_sharing_enabled":true,"_links":{"self":[{"href":"https:\/\/rheaist.com\/en\/wp-json\/wp\/v2\/pages\/15824","targetHints":{"allow":["GET"]}}],"collection":[{"href":"https:\/\/rheaist.com\/en\/wp-json\/wp\/v2\/pages"}],"about":[{"href":"https:\/\/rheaist.com\/en\/wp-json\/wp\/v2\/types\/page"}],"author":[{"embeddable":true,"href":"https:\/\/rheaist.com\/en\/wp-json\/wp\/v2\/users\/1"}],"replies":[{"embeddable":true,"href":"https:\/\/rheaist.com\/en\/wp-json\/wp\/v2\/comments?post=15824"}],"version-history":[{"count":4,"href":"https:\/\/rheaist.com\/en\/wp-json\/wp\/v2\/pages\/15824\/revisions"}],"predecessor-version":[{"id":15871,"href":"https:\/\/rheaist.com\/en\/wp-json\/wp\/v2\/pages\/15824\/revisions\/15871"}],"wp:attachment":[{"href":"https:\/\/rheaist.com\/en\/wp-json\/wp\/v2\/media?parent=15824"}],"curies":[{"name":"wp","href":"https:\/\/api.w.org\/{rel}","templated":true}]}}